{"id":222,"date":"2023-08-03T21:18:46","date_gmt":"2023-08-04T00:18:46","guid":{"rendered":"http:\/\/vfpar.com.br\/?page_id=222"},"modified":"2023-08-22T17:51:05","modified_gmt":"2023-08-22T20:51:05","slug":"fornecedores","status":"publish","type":"page","link":"https:\/\/vfpar.com.br\/index.php\/fornecedores\/","title":{"rendered":"Fornecedores"},"content":{"rendered":"\t\t<div data-elementor-type=\"wp-page\" data-elementor-id=\"222\" class=\"elementor elementor-222\" data-elementor-post-type=\"page\">\n\t\t\t\t\t\t<section class=\"elementor-section elementor-top-section elementor-element elementor-element-e3c2a92 elementor-section-content-middle elementor-section-boxed elementor-section-height-default elementor-section-height-default\" data-id=\"e3c2a92\" data-element_type=\"section\" data-settings=\"{&quot;background_background&quot;:&quot;classic&quot;}\">\n\t\t\t\t\t\t<div class=\"elementor-container elementor-column-gap-default\">\n\t\t\t\t\t<div class=\"elementor-column elementor-col-50 elementor-top-column elementor-element elementor-element-00ac64e\" data-id=\"00ac64e\" data-element_type=\"column\">\n\t\t\t<div class=\"elementor-widget-wrap elementor-element-populated\">\n\t\t\t\t\t\t<div class=\"elementor-element elementor-element-0b81f62 elementor-widget elementor-widget-heading\" data-id=\"0b81f62\" data-element_type=\"widget\" data-widget_type=\"heading.default\">\n\t\t\t\t<div class=\"elementor-widget-container\">\n\t\t\t\t\t<h2 class=\"elementor-heading-title elementor-size-default\">Quero ser um<br>fornecedor<\/h2>\t\t\t\t<\/div>\n\t\t\t\t<\/div>\n\t\t\t\t<div class=\"elementor-element elementor-element-17d9bcd elementor-widget elementor-widget-text-editor\" data-id=\"17d9bcd\" data-element_type=\"widget\" data-widget_type=\"text-editor.default\">\n\t\t\t\t<div class=\"elementor-widget-container\">\n\t\t\t\t\t\t\t\t\t<p>N\u00f3s, da VFPar Participa\u00e7\u00f5es, temos compromisso com a qualidade dos nossos produtos, buscamos nada menos que a excel\u00eancia na presta\u00e7\u00e3o de servi\u00e7os, sempre com foco no cliente. Somos uma empresa em evolu\u00e7\u00e3o constante, buscando estabelecer parcerias genu\u00ednas.<\/p>\t\t\t\t\t\t\t\t<\/div>\n\t\t\t\t<\/div>\n\t\t\t\t\t<\/div>\n\t\t<\/div>\n\t\t\t\t<div class=\"elementor-column elementor-col-50 elementor-top-column elementor-element elementor-element-7c796e8\" data-id=\"7c796e8\" data-element_type=\"column\">\n\t\t\t<div class=\"elementor-widget-wrap elementor-element-populated\">\n\t\t\t\t\t\t<div class=\"elementor-element elementor-element-5229aea elementor-widget elementor-widget-image\" data-id=\"5229aea\" data-element_type=\"widget\" data-widget_type=\"image.default\">\n\t\t\t\t<div class=\"elementor-widget-container\">\n\t\t\t\t\t\t\t\t\t\t\t\t\t\t\t<img fetchpriority=\"high\" decoding=\"async\" width=\"668\" height=\"381\" src=\"https:\/\/vfpar.com.br\/wp-content\/uploads\/2023\/08\/logos-fornecedores.png\" class=\"attachment-large size-large wp-image-225\" alt=\"\" srcset=\"https:\/\/vfpar.com.br\/wp-content\/uploads\/2023\/08\/logos-fornecedores.png 668w, https:\/\/vfpar.com.br\/wp-content\/uploads\/2023\/08\/logos-fornecedores-300x171.png 300w\" sizes=\"(max-width: 668px) 100vw, 668px\" \/>\t\t\t\t\t\t\t\t\t\t\t\t\t\t\t<\/div>\n\t\t\t\t<\/div>\n\t\t\t\t\t<\/div>\n\t\t<\/div>\n\t\t\t\t\t<\/div>\n\t\t<\/section>\n\t\t\t\t<\/div>\n\t\t","protected":false},"excerpt":{"rendered":"<p>Quero ser umfornecedor N\u00f3s, da VFPar Participa\u00e7\u00f5es, temos compromisso com a qualidade dos nossos produtos, buscamos nada menos que a excel\u00eancia na presta\u00e7\u00e3o de servi\u00e7os, sempre com foco no cliente. Somos uma empresa em evolu\u00e7\u00e3o constante, buscando estabelecer parcerias genu\u00ednas.<\/p>\n","protected":false},"author":2,"featured_media":0,"parent":0,"menu_order":0,"comment_status":"closed","ping_status":"closed","template":"elementor_header_footer","meta":{"footnotes":""},"class_list":["post-222","page","type-page","status-publish","hentry"],"_links":{"self":[{"href":"https:\/\/vfpar.com.br\/index.php\/wp-json\/wp\/v2\/pages\/222","targetHints":{"allow":["GET"]}}],"collection":[{"href":"https:\/\/vfpar.com.br\/index.php\/wp-json\/wp\/v2\/pages"}],"about":[{"href":"https:\/\/vfpar.com.br\/index.php\/wp-json\/wp\/v2\/types\/page"}],"author":[{"embeddable":true,"href":"https:\/\/vfpar.com.br\/index.php\/wp-json\/wp\/v2\/users\/2"}],"replies":[{"embeddable":true,"href":"https:\/\/vfpar.com.br\/index.php\/wp-json\/wp\/v2\/comments?post=222"}],"version-history":[{"count":13,"href":"https:\/\/vfpar.com.br\/index.php\/wp-json\/wp\/v2\/pages\/222\/revisions"}],"predecessor-version":[{"id":302,"href":"https:\/\/vfpar.com.br\/index.php\/wp-json\/wp\/v2\/pages\/222\/revisions\/302"}],"wp:attachment":[{"href":"https:\/\/vfpar.com.br\/index.php\/wp-json\/wp\/v2\/media?parent=222"}],"curies":[{"name":"wp","href":"https:\/\/api.w.org\/{rel}","templated":true}]}}